{"id":29386,"date":"2025-10-21T23:54:51","date_gmt":"2025-10-21T23:54:51","guid":{"rendered":"https:\/\/wickedone.ae\/mentions-legales\/"},"modified":"2025-10-22T00:00:39","modified_gmt":"2025-10-22T00:00:39","slug":"mentions-legales","status":"publish","type":"page","link":"https:\/\/wickedone.ae\/en\/mentions-legales\/","title":{"rendered":"LEGAL NOTICES"},"content":{"rendered":"<div data-elementor-type=\"wp-page\" data-elementor-id=\"29386\" class=\"elementor elementor-29386\" data-elementor-post-type=\"page\">\n\t\t\t\t<div class=\"wd-negative-gap elementor-element elementor-element-2a28102 e-flex e-con-boxed e-con e-parent\" data-id=\"2a28102\" data-element_type=\"container\">\n\t\t\t\t\t<div class=\"e-con-inner\">\n\t\t\t\t<div class=\"elementor-element elementor-element-386e887f color-scheme-inherit text-left elementor-widget elementor-widget-text-editor\" data-id=\"386e887f\" data-element_type=\"widget\" data-widget_type=\"text-editor.default\">\n\t\t\t\t\t\t\t\t\t<p><strong>PREAMBLE<\/strong><br \/>These conditions are concluded between the company WCKD of the one part, hereinafter referred to as \u201cWickedone.ae\u201d, and on the other hand, those wishing to make a purchase of one or more of the products sold on the internet site\u00a0<a href=\"https:\/\/wickedone.ae\/en\/\" target=\"_blank\" rel=\"noopener noreferrer\" data-widget-link=\"\">www.wickedone.ae\u00a0<\/a>, hereinafter individually referred to as \" the client \".<\/p><p>The parties agree that their relations will be exclusively governed by this agreement, to the exclusion of any other condition previously available on the site.<br \/>If a condition is found to be missing, it would be considered to be governed by the procedures in force in the area of distance selling in which the companies are headquartered in the united arab Emirates.<br \/>The company WCKD agrees to comply with all the provisions applicable to the sale at distance.<\/p><p><strong>OBJECT<\/strong><br \/>These conditions aim to define the terms of sale between Wickedone.ae and the customer, from the order to the service, including payment and delivery.<br \/>They govern all the steps necessary for placing and tracking the order between the parties.<\/p><p><strong>THE COMMAND<\/strong><br \/>The customer has the option of ordering online from the online catalog :\u00a0<a href=\"https:\/\/wickedone.ae\/en\/\" target=\"_blank\" rel=\"noopener noreferrer\" data-widget-link=\"\">https:\/\/www.wickedone.ae<\/a><\/p><p>Any order implies the full and unreserved acceptance of these general conditions of sale. Orders will only be taken into account only after acceptance of payment.<br \/>Wickedone.ae undertakes to honour orders received within the limit of stocks available.<br \/>In the absence of availability of an item, the customer will be informed immediately and will have the opportunity to cancel the order.<br \/>In case of unavailability for more than 7 days, or rupture of the final, Wickedone.ae may either cancel the order and refund the customer the amounts it has paid, or to replace the unavailable item with another of similar characteristics and of equivalent or higher quality, at a price equal or lower.<br \/>The contractual information is presented in French and will be subject to confirmation containing the contractual information.<\/p><p><strong>PAYMENT TERMS<\/strong><br \/>The full payment must be made when ordering. At no time will the payments can not be considered as a deposit or down payments.<br \/>The customer has the choice of paying the order :<br \/>\u2013 by bank card (the customer shall indicate the number, the expiry date, the security code and the name of the owner) ; the communication of this information constitute an authorization for Wickedone.ae to debit the customer's account for the amount of items ordered.<br \/>\u2013 or by PayPal.<br \/>No cod shipments will not be accepted.<\/p><p><em>Note : payment by cheque is not generally proposed for sites based in the united arab Emirates. If you want to keep this option, or add other payment methods, please specify.<\/em><\/p>\t\t\t\t\t\t\t\t<\/div>\n\t\t\t\t\t<\/div>\n\t\t\t\t<\/div>\n\t\t\t\t<\/div>","protected":false},"excerpt":{"rendered":"<p>PR\u00c9AMBULELes pr\u00e9sentes conditions sont conclues entre la soci\u00e9t\u00e9 WCKD d\u2019une part, ci-apr\u00e8s d\u00e9nomm\u00e9e \u201cWickedone.ae\u201d, et d\u2019autre part, les personnes souhaitant<\/p>","protected":false},"author":2,"featured_media":0,"parent":0,"menu_order":0,"comment_status":"closed","ping_status":"closed","template":"elementor_header_footer","meta":{"footnotes":""},"class_list":["post-29386","page","type-page","status-publish","hentry"],"yoast_head":"<!-- This site is optimized with the Yoast SEO plugin v26.7 - https:\/\/yoast.com\/wordpress\/plugins\/seo\/ -->\n<title>MENTIONS L\u00c9GALES - Wickedone AE<\/title>\n<meta name=\"robots\" content=\"index, follow, max-snippet:-1, max-image-preview:large, max-video-preview:-1\" \/>\n<link rel=\"canonical\" href=\"https:\/\/wickedone.ae\/en\/mentions-legales\/\" \/>\n<meta property=\"og:locale\" content=\"en_US\" \/>\n<meta property=\"og:type\" content=\"article\" \/>\n<meta property=\"og:title\" content=\"MENTIONS L\u00c9GALES - Wickedone AE\" \/>\n<meta property=\"og:description\" content=\"PR\u00c9AMBULELes pr\u00e9sentes conditions sont conclues entre la soci\u00e9t\u00e9 WCKD d\u2019une part, ci-apr\u00e8s d\u00e9nomm\u00e9e \u201cWickedone.ae\u201d, et d\u2019autre part, les personnes souhaitant\" \/>\n<meta property=\"og:url\" content=\"https:\/\/wickedone.ae\/en\/mentions-legales\/\" \/>\n<meta property=\"og:site_name\" content=\"Wickedone AE\" \/>\n<meta property=\"article:modified_time\" content=\"2025-10-22T00:00:39+00:00\" \/>\n<meta name=\"twitter:card\" content=\"summary_large_image\" \/>\n<meta name=\"twitter:label1\" content=\"Est. reading time\" \/>\n\t<meta name=\"twitter:data1\" content=\"2 minutes\" \/>\n<script type=\"application\/ld+json\" class=\"yoast-schema-graph\">{\"@context\":\"https:\/\/schema.org\",\"@graph\":[{\"@type\":\"WebPage\",\"@id\":\"https:\/\/wickedone.ae\/en\/mentions-legales\/\",\"url\":\"https:\/\/wickedone.ae\/en\/mentions-legales\/\",\"name\":\"MENTIONS L\u00c9GALES - Wickedone AE\",\"isPartOf\":{\"@id\":\"https:\/\/wickedone.ae\/#website\"},\"datePublished\":\"2025-10-21T23:54:51+00:00\",\"dateModified\":\"2025-10-22T00:00:39+00:00\",\"breadcrumb\":{\"@id\":\"https:\/\/wickedone.ae\/en\/mentions-legales\/#breadcrumb\"},\"inLanguage\":\"en-US\",\"potentialAction\":[{\"@type\":\"ReadAction\",\"target\":[\"https:\/\/wickedone.ae\/en\/mentions-legales\/\"]}]},{\"@type\":\"BreadcrumbList\",\"@id\":\"https:\/\/wickedone.ae\/en\/mentions-legales\/#breadcrumb\",\"itemListElement\":[{\"@type\":\"ListItem\",\"position\":1,\"name\":\"Home\",\"item\":\"https:\/\/wickedone.ae\/\"},{\"@type\":\"ListItem\",\"position\":2,\"name\":\"MENTIONS L\u00c9GALES\"}]},{\"@type\":\"WebSite\",\"@id\":\"https:\/\/wickedone.ae\/#website\",\"url\":\"https:\/\/wickedone.ae\/\",\"name\":\"Wickedone AE\",\"description\":\"EMPOWERING STREET STYLE\",\"potentialAction\":[{\"@type\":\"SearchAction\",\"target\":{\"@type\":\"EntryPoint\",\"urlTemplate\":\"https:\/\/wickedone.ae\/?s={search_term_string}\"},\"query-input\":{\"@type\":\"PropertyValueSpecification\",\"valueRequired\":true,\"valueName\":\"search_term_string\"}}],\"inLanguage\":\"en-US\"}]}<\/script>\n<!-- \/ Yoast SEO plugin. -->","yoast_head_json":{"title":"MENTIONS L\u00c9GALES - Wickedone AE","robots":{"index":"index","follow":"follow","max-snippet":"max-snippet:-1","max-image-preview":"max-image-preview:large","max-video-preview":"max-video-preview:-1"},"canonical":"https:\/\/wickedone.ae\/en\/mentions-legales\/","og_locale":"en_US","og_type":"article","og_title":"MENTIONS L\u00c9GALES - Wickedone AE","og_description":"PR\u00c9AMBULELes pr\u00e9sentes conditions sont conclues entre la soci\u00e9t\u00e9 WCKD d\u2019une part, ci-apr\u00e8s d\u00e9nomm\u00e9e \u201cWickedone.ae\u201d, et d\u2019autre part, les personnes souhaitant","og_url":"https:\/\/wickedone.ae\/en\/mentions-legales\/","og_site_name":"Wickedone AE","article_modified_time":"2025-10-22T00:00:39+00:00","twitter_card":"summary_large_image","twitter_misc":{"Est. reading time":"2 minutes"},"schema":{"@context":"https:\/\/schema.org","@graph":[{"@type":"WebPage","@id":"https:\/\/wickedone.ae\/en\/mentions-legales\/","url":"https:\/\/wickedone.ae\/en\/mentions-legales\/","name":"MENTIONS L\u00c9GALES - Wickedone AE","isPartOf":{"@id":"https:\/\/wickedone.ae\/#website"},"datePublished":"2025-10-21T23:54:51+00:00","dateModified":"2025-10-22T00:00:39+00:00","breadcrumb":{"@id":"https:\/\/wickedone.ae\/en\/mentions-legales\/#breadcrumb"},"inLanguage":"en-US","potentialAction":[{"@type":"ReadAction","target":["https:\/\/wickedone.ae\/en\/mentions-legales\/"]}]},{"@type":"BreadcrumbList","@id":"https:\/\/wickedone.ae\/en\/mentions-legales\/#breadcrumb","itemListElement":[{"@type":"ListItem","position":1,"name":"Home","item":"https:\/\/wickedone.ae\/"},{"@type":"ListItem","position":2,"name":"MENTIONS L\u00c9GALES"}]},{"@type":"WebSite","@id":"https:\/\/wickedone.ae\/#website","url":"https:\/\/wickedone.ae\/","name":"Wickedone AE","description":"EMPOWERING STREET STYLE","potentialAction":[{"@type":"SearchAction","target":{"@type":"EntryPoint","urlTemplate":"https:\/\/wickedone.ae\/?s={search_term_string}"},"query-input":{"@type":"PropertyValueSpecification","valueRequired":true,"valueName":"search_term_string"}}],"inLanguage":"en-US"}]}},"_hostinger_reach_plugin_has_subscription_block":false,"_hostinger_reach_plugin_is_elementor":false,"_links":{"self":[{"href":"https:\/\/wickedone.ae\/en\/wp-json\/wp\/v2\/pages\/29386","targetHints":{"allow":["GET"]}}],"collection":[{"href":"https:\/\/wickedone.ae\/en\/wp-json\/wp\/v2\/pages"}],"about":[{"href":"https:\/\/wickedone.ae\/en\/wp-json\/wp\/v2\/types\/page"}],"author":[{"embeddable":true,"href":"https:\/\/wickedone.ae\/en\/wp-json\/wp\/v2\/users\/2"}],"replies":[{"embeddable":true,"href":"https:\/\/wickedone.ae\/en\/wp-json\/wp\/v2\/comments?post=29386"}],"version-history":[{"count":3,"href":"https:\/\/wickedone.ae\/en\/wp-json\/wp\/v2\/pages\/29386\/revisions"}],"predecessor-version":[{"id":29395,"href":"https:\/\/wickedone.ae\/en\/wp-json\/wp\/v2\/pages\/29386\/revisions\/29395"}],"wp:attachment":[{"href":"https:\/\/wickedone.ae\/en\/wp-json\/wp\/v2\/media?parent=29386"}],"curies":[{"name":"wp","href":"https:\/\/api.w.org\/{rel}","templated":true}]}}